{"id":425,"date":"2016-09-06T08:22:59","date_gmt":"2016-09-06T05:22:59","guid":{"rendered":"https:\/\/deluxerentacarantalya.com\/?page_id=425"},"modified":"2023-06-22T18:09:22","modified_gmt":"2023-06-22T15:09:22","slug":"araclar","status":"publish","type":"page","link":"https:\/\/deluxerentacarantalya.com\/?page_id=425","title":{"rendered":"Ara\u00e7lar"},"content":{"rendered":"<section class=\"wpb-content-wrapper\"><p>[vc_row][vc_column]<div id=\"sc_blogger_1875716105\" class=\"sc_blogger layout_caristp_3 template_caristp  sc_blogger_horizontal no_description\"><h2 class=\"sc_blogger_title sc_item_title sc_item_title_without_descr\">Ara\u00e7lar\u0131m\u0131za g\u00f6z at\u0131n!<\/h2><div class=\"isotope_filters\"><\/div><div class=\"isotope_wrap\" data-columns=\"3\">\t\t<div class=\"isotope_item isotope_item_caristp isotope_item_caristp_3 isotope_column_3\t\t\t\t\t flt_28\">\n\t\t\t<div class=\"post_item post_item_caristp post_item_caristp_3\t\t\t\t  post_format_standard odd\">\n\t\t\t\t\n\t\t\t\t\t\t\t\t\t<div class=\"post_featured\">\n\t\t\t\t\t\t\t<div class=\"post_thumb\" data-image=\"https:\/\/deluxerentacarantalya.com\/wp-content\/uploads\/2025\/03\/eyJidWNrZXQiOiJrYXZhay1pbWFnZXMiLCJrZXkiOiJpbWFnZXMvMzgyNjg0L0VYVEVSSU9SLWZyb250U2lkZVBpbG90TmVhci0xNzM5NTQxODU5MDE2LmpwZWciLCJlZGl0cyI6eyJyZXNpemUiOnsid2lkdGgiOjU0MCwiaGVpZ2h0IjozMTB9fX0.jpg\" data-title=\"Renault Austral\">\n\t<a class=\"hover_icon hover_icon_link\" href=\"https:\/\/deluxerentacarantalya.com\/?cars=renault-austral\"><img class=\"wp-post-image\" width=\"370\" height=\"192\" alt=\"Renault Austral\" src=\"https:\/\/deluxerentacarantalya.com\/wp-content\/uploads\/2025\/03\/eyJidWNrZXQiOiJrYXZhay1pbWFnZXMiLCJrZXkiOiJpbWFnZXMvMzgyNjg0L0VYVEVSSU9SLWZyb250U2lkZVBpbG90TmVhci0xNzM5NTQxODU5MDE2LmpwZWciLCJlZGl0cyI6eyJyZXNpemUiOnsid2lkdGgiOjU0MCwiaGVpZ2h0IjozMTB9fX0-370x192.jpg\"><\/a>\t<\/div>\n\t\t\t\t\t\t<\/div>\n\t\t\t\t\n\t\t\t\t<div class=\"post_content isotope_item_content\">\n\n\t\t\t\t\t\t\t\t\t\t\t<div class=\"sc_cars_item_info\">\n\t\t\t\t\t\t\t<div class=\"main_info\">\n\t\t\t\t\t\t\t\t<h4 class=\"car_title\"><a href=\"https:\/\/deluxerentacarantalya.com\/?cars=renault-austral\">Renault Austral<\/a><\/h4>\t\t\t\t\t\t\t\t\t\t\t\t\t\t\t\t<h6 class=\"car_classification\">SUV<\/h6>\n\t\t\t\t\t\t\t\t\t\t\t\t\t\t\t<\/div>\n\t\t\t\t\t\t\t\t\t\t\t\t\t\t<div class=\"car_price icon-tag-1\"><span>3500\u20ba \/ G\u00fcn<\/span><\/div>\n\t\t\t\t\t\t\t\t\t\t\t\t\t\t<div class=\"car_meta\"><div>2025<\/div><div>Otomatik<\/div><div>Klima<\/div><\/div>\t\t\t\t\t\t<\/div>\n\t\t\t\t\t\t\n\t\t\t\t<\/div>\t\t\t\t<!-- \/.post_content -->\n\t\t\t<\/div>\t<!-- \/.post_item -->\n\t\t<\/div>\t\t\t\t\t\t<!-- \/.isotope_item -->\n\t\t\t\t<div class=\"isotope_item isotope_item_caristp isotope_item_caristp_3 isotope_column_3\t\t\t\t\t flt_28\">\n\t\t\t<div class=\"post_item post_item_caristp post_item_caristp_3\t\t\t\t  post_format_standard even\">\n\t\t\t\t\n\t\t\t\t\t\t\t\t\t<div class=\"post_featured\">\n\t\t\t\t\t\t\t<div class=\"post_thumb\" data-image=\"https:\/\/deluxerentacarantalya.com\/wp-content\/uploads\/2023\/08\/10022_1920.webp\" data-title=\"MG Hs\">\n\t<a class=\"hover_icon hover_icon_link\" href=\"https:\/\/deluxerentacarantalya.com\/?cars=mg-hs\"><img class=\"wp-post-image\" width=\"370\" height=\"192\" alt=\"MG Hs\" src=\"https:\/\/deluxerentacarantalya.com\/wp-content\/uploads\/2023\/08\/10022_1920-370x192.webp\"><\/a>\t<\/div>\n\t\t\t\t\t\t<\/div>\n\t\t\t\t\n\t\t\t\t<div class=\"post_content isotope_item_content\">\n\n\t\t\t\t\t\t\t\t\t\t\t<div class=\"sc_cars_item_info\">\n\t\t\t\t\t\t\t<div class=\"main_info\">\n\t\t\t\t\t\t\t\t<h4 class=\"car_title\"><a href=\"https:\/\/deluxerentacarantalya.com\/?cars=mg-hs\">MG Hs<\/a><\/h4>\t\t\t\t\t\t\t\t\t\t\t\t\t\t\t\t<h6 class=\"car_classification\">SUV<\/h6>\n\t\t\t\t\t\t\t\t\t\t\t\t\t\t\t<\/div>\n\t\t\t\t\t\t\t\t\t\t\t\t\t\t<div class=\"car_price icon-tag-1\"><span>3250\u20ba \/ G\u00fcn<\/span><\/div>\n\t\t\t\t\t\t\t\t\t\t\t\t\t\t<div class=\"car_meta\"><div>2024<\/div><div>Otomatik<\/div><div>Klima<\/div><\/div>\t\t\t\t\t\t<\/div>\n\t\t\t\t\t\t\n\t\t\t\t<\/div>\t\t\t\t<!-- \/.post_content -->\n\t\t\t<\/div>\t<!-- \/.post_item -->\n\t\t<\/div>\t\t\t\t\t\t<!-- \/.isotope_item -->\n\t\t\t\t<div class=\"isotope_item isotope_item_caristp isotope_item_caristp_3 isotope_column_3\t\t\t\t\t flt_28\">\n\t\t\t<div class=\"post_item post_item_caristp post_item_caristp_3\t\t\t\t  post_format_standard odd\">\n\t\t\t\t\n\t\t\t\t\t\t\t\t\t<div class=\"post_featured\">\n\t\t\t\t\t\t\t<div class=\"post_thumb\" data-image=\"https:\/\/deluxerentacarantalya.com\/wp-content\/uploads\/2025\/05\/Adsiz-tasarim.png\" data-title=\"Ford Kuga\">\n\t<a class=\"hover_icon hover_icon_link\" href=\"https:\/\/deluxerentacarantalya.com\/?cars=ford-kuga\"><img class=\"wp-post-image\" width=\"370\" height=\"192\" alt=\"Ford Kuga\" src=\"https:\/\/deluxerentacarantalya.com\/wp-content\/uploads\/2025\/05\/Adsiz-tasarim-370x192.png\"><\/a>\t<\/div>\n\t\t\t\t\t\t<\/div>\n\t\t\t\t\n\t\t\t\t<div class=\"post_content isotope_item_content\">\n\n\t\t\t\t\t\t\t\t\t\t\t<div class=\"sc_cars_item_info\">\n\t\t\t\t\t\t\t<div class=\"main_info\">\n\t\t\t\t\t\t\t\t<h4 class=\"car_title\"><a href=\"https:\/\/deluxerentacarantalya.com\/?cars=ford-kuga\">Ford Kuga<\/a><\/h4>\t\t\t\t\t\t\t\t\t\t\t\t\t\t\t\t<h6 class=\"car_classification\">SUV<\/h6>\n\t\t\t\t\t\t\t\t\t\t\t\t\t\t\t<\/div>\n\t\t\t\t\t\t\t\t\t\t\t\t\t\t<div class=\"car_price icon-tag-1\"><span>3500\u20ba \/ G\u00fcn<\/span><\/div>\n\t\t\t\t\t\t\t\t\t\t\t\t\t\t<div class=\"car_meta\"><div>2025<\/div><div>Otomatik<\/div><div>Klima<\/div><\/div>\t\t\t\t\t\t<\/div>\n\t\t\t\t\t\t\n\t\t\t\t<\/div>\t\t\t\t<!-- \/.post_content -->\n\t\t\t<\/div>\t<!-- \/.post_item -->\n\t\t<\/div>\t\t\t\t\t\t<!-- \/.isotope_item -->\n\t\t\t\t<div class=\"isotope_item isotope_item_caristp isotope_item_caristp_3 isotope_column_3\t\t\t\t\t flt_25\">\n\t\t\t<div class=\"post_item post_item_caristp post_item_caristp_3\t\t\t\t  post_format_standard even\">\n\t\t\t\t\n\t\t\t\t\t\t\t\t\t<div class=\"post_featured\">\n\t\t\t\t\t\t\t<div class=\"post_thumb\" data-image=\"https:\/\/deluxerentacarantalya.com\/wp-content\/uploads\/2023\/08\/renault-megane-sedan-inci-beyazi-1.jpg\" data-title=\"Renault Megane\">\n\t<a class=\"hover_icon hover_icon_link\" href=\"https:\/\/deluxerentacarantalya.com\/?cars=renault-megane\"><img class=\"wp-post-image\" width=\"320\" height=\"192\" alt=\"Renault Megane\" src=\"https:\/\/deluxerentacarantalya.com\/wp-content\/uploads\/2023\/08\/renault-megane-sedan-inci-beyazi-1-320x192.jpg\"><\/a>\t<\/div>\n\t\t\t\t\t\t<\/div>\n\t\t\t\t\n\t\t\t\t<div class=\"post_content isotope_item_content\">\n\n\t\t\t\t\t\t\t\t\t\t\t<div class=\"sc_cars_item_info\">\n\t\t\t\t\t\t\t<div class=\"main_info\">\n\t\t\t\t\t\t\t\t<h4 class=\"car_title\"><a href=\"https:\/\/deluxerentacarantalya.com\/?cars=renault-megane\">Renault Megane<\/a><\/h4>\t\t\t\t\t\t\t\t\t\t\t\t\t\t\t\t<h6 class=\"car_classification\">Sedan<\/h6>\n\t\t\t\t\t\t\t\t\t\t\t\t\t\t\t<\/div>\n\t\t\t\t\t\t\t\t\t\t\t\t\t\t<div class=\"car_price icon-tag-1\"><span>2500\u20ba \/ G\u00fcn<\/span><\/div>\n\t\t\t\t\t\t\t\t\t\t\t\t\t\t<div class=\"car_meta\"><div>2026<\/div><div>Otomatik<\/div><div>Klima<\/div><\/div>\t\t\t\t\t\t<\/div>\n\t\t\t\t\t\t\n\t\t\t\t<\/div>\t\t\t\t<!-- \/.post_content -->\n\t\t\t<\/div>\t<!-- \/.post_item -->\n\t\t<\/div>\t\t\t\t\t\t<!-- \/.isotope_item -->\n\t\t\t\t<div class=\"isotope_item isotope_item_caristp isotope_item_caristp_3 isotope_column_3\t\t\t\t\t flt_25\">\n\t\t\t<div class=\"post_item post_item_caristp post_item_caristp_3\t\t\t\t  post_format_standard odd\">\n\t\t\t\t\n\t\t\t\t\t\t\t\t\t<div class=\"post_featured\">\n\t\t\t\t\t\t\t<div class=\"post_thumb\" data-image=\"https:\/\/deluxerentacarantalya.com\/wp-content\/uploads\/2023\/06\/thumbs_b_c_c9b324fbe5a41bdeb523db5102e9bdab.jpg\" data-title=\"Honda Civic\">\n\t<a class=\"hover_icon hover_icon_link\" href=\"https:\/\/deluxerentacarantalya.com\/?cars=honda-civic\"><img class=\"wp-post-image\" width=\"370\" height=\"192\" alt=\"Honda Civic\" src=\"https:\/\/deluxerentacarantalya.com\/wp-content\/uploads\/2023\/06\/thumbs_b_c_c9b324fbe5a41bdeb523db5102e9bdab-370x192.jpg\"><\/a>\t<\/div>\n\t\t\t\t\t\t<\/div>\n\t\t\t\t\n\t\t\t\t<div class=\"post_content isotope_item_content\">\n\n\t\t\t\t\t\t\t\t\t\t\t<div class=\"sc_cars_item_info\">\n\t\t\t\t\t\t\t<div class=\"main_info\">\n\t\t\t\t\t\t\t\t<h4 class=\"car_title\"><a href=\"https:\/\/deluxerentacarantalya.com\/?cars=honda-civic\">Honda Civic<\/a><\/h4>\t\t\t\t\t\t\t\t\t\t\t\t\t\t\t\t<h6 class=\"car_classification\">Sedan<\/h6>\n\t\t\t\t\t\t\t\t\t\t\t\t\t\t\t<\/div>\n\t\t\t\t\t\t\t\t\t\t\t\t\t\t<div class=\"car_price icon-tag-1\"><span>2250\u20ba \/ G\u00fcn<\/span><\/div>\n\t\t\t\t\t\t\t\t\t\t\t\t\t\t<div class=\"car_meta\"><div>2020<\/div><div>Otomatik<\/div><div>Klima<\/div><\/div>\t\t\t\t\t\t<\/div>\n\t\t\t\t\t\t\n\t\t\t\t<\/div>\t\t\t\t<!-- \/.post_content -->\n\t\t\t<\/div>\t<!-- \/.post_item -->\n\t\t<\/div>\t\t\t\t\t\t<!-- \/.isotope_item -->\n\t\t\t\t<div class=\"isotope_item isotope_item_caristp isotope_item_caristp_3 isotope_column_3\t\t\t\t\t flt_28\">\n\t\t\t<div class=\"post_item post_item_caristp post_item_caristp_3\t\t\t\t  post_format_standard even\">\n\t\t\t\t\n\t\t\t\t\t\t\t\t\t<div class=\"post_featured\">\n\t\t\t\t\t\t\t<div class=\"post_thumb\" data-image=\"https:\/\/deluxerentacarantalya.com\/wp-content\/uploads\/2025\/05\/Adsiz-tasarim-1.png\" data-title=\"Dacia Sandero Stepway\">\n\t<a class=\"hover_icon hover_icon_link\" href=\"https:\/\/deluxerentacarantalya.com\/?cars=dacia-sandero-stepway\"><img class=\"wp-post-image\" width=\"370\" height=\"192\" alt=\"Dacia Sandero Stepway\" src=\"https:\/\/deluxerentacarantalya.com\/wp-content\/uploads\/2025\/05\/Adsiz-tasarim-1-370x192.png\"><\/a>\t<\/div>\n\t\t\t\t\t\t<\/div>\n\t\t\t\t\n\t\t\t\t<div class=\"post_content isotope_item_content\">\n\n\t\t\t\t\t\t\t\t\t\t\t<div class=\"sc_cars_item_info\">\n\t\t\t\t\t\t\t<div class=\"main_info\">\n\t\t\t\t\t\t\t\t<h4 class=\"car_title\"><a href=\"https:\/\/deluxerentacarantalya.com\/?cars=dacia-sandero-stepway\">Dacia Sandero Stepway<\/a><\/h4>\t\t\t\t\t\t\t\t\t\t\t\t\t\t\t\t<h6 class=\"car_classification\">SUV<\/h6>\n\t\t\t\t\t\t\t\t\t\t\t\t\t\t\t<\/div>\n\t\t\t\t\t\t\t\t\t\t\t\t\t\t<div class=\"car_price icon-tag-1\"><span>1900\u20ba \/ G\u00fcn<\/span><\/div>\n\t\t\t\t\t\t\t\t\t\t\t\t\t\t<div class=\"car_meta\"><div>2025<\/div><div>Otomatik<\/div><div>Klima<\/div><\/div>\t\t\t\t\t\t<\/div>\n\t\t\t\t\t\t\n\t\t\t\t<\/div>\t\t\t\t<!-- \/.post_content -->\n\t\t\t<\/div>\t<!-- \/.post_item -->\n\t\t<\/div>\t\t\t\t\t\t<!-- \/.isotope_item -->\n\t\t\t\t<div class=\"isotope_item isotope_item_caristp isotope_item_caristp_3 isotope_column_3\t\t\t\t\t flt_26\">\n\t\t\t<div class=\"post_item post_item_caristp post_item_caristp_3\t\t\t\t  post_format_standard odd\">\n\t\t\t\t\n\t\t\t\t\t\t\t\t\t<div class=\"post_featured\">\n\t\t\t\t\t\t\t<div class=\"post_thumb\" data-image=\"https:\/\/deluxerentacarantalya.com\/wp-content\/uploads\/2026\/05\/Gemini_Generated_Image_smvkxlsmvkxlsmvk.png\" data-title=\"Opel Corsa\">\n\t<a class=\"hover_icon hover_icon_link\" href=\"https:\/\/deluxerentacarantalya.com\/?cars=opel-corsa\"><img class=\"wp-post-image\" width=\"370\" height=\"192\" alt=\"Opel Corsa\" src=\"https:\/\/deluxerentacarantalya.com\/wp-content\/uploads\/2026\/05\/Gemini_Generated_Image_smvkxlsmvkxlsmvk-370x192.png\"><\/a>\t<\/div>\n\t\t\t\t\t\t<\/div>\n\t\t\t\t\n\t\t\t\t<div class=\"post_content isotope_item_content\">\n\n\t\t\t\t\t\t\t\t\t\t\t<div class=\"sc_cars_item_info\">\n\t\t\t\t\t\t\t<div class=\"main_info\">\n\t\t\t\t\t\t\t\t<h4 class=\"car_title\"><a href=\"https:\/\/deluxerentacarantalya.com\/?cars=opel-corsa\">Opel Corsa<\/a><\/h4>\t\t\t\t\t\t\t\t\t\t\t\t\t\t\t\t<h6 class=\"car_classification\">Hatchback<\/h6>\n\t\t\t\t\t\t\t\t\t\t\t\t\t\t\t<\/div>\n\t\t\t\t\t\t\t\t\t\t\t\t\t\t<div class=\"car_price icon-tag-1\"><span>1750\u20ba \/ G\u00fcn<\/span><\/div>\n\t\t\t\t\t\t\t\t\t\t\t\t\t\t<div class=\"car_meta\"><div>2025<\/div><div>Otomatik<\/div><div>Klima<\/div><\/div>\t\t\t\t\t\t<\/div>\n\t\t\t\t\t\t\n\t\t\t\t<\/div>\t\t\t\t<!-- \/.post_content -->\n\t\t\t<\/div>\t<!-- \/.post_item -->\n\t\t<\/div>\t\t\t\t\t\t<!-- \/.isotope_item -->\n\t\t\t\t<div class=\"isotope_item isotope_item_caristp isotope_item_caristp_3 isotope_column_3\t\t\t\t\t flt_26\">\n\t\t\t<div class=\"post_item post_item_caristp post_item_caristp_3\t\t\t\t  post_format_standard even\">\n\t\t\t\t\n\t\t\t\t\t\t\t\t\t<div class=\"post_featured\">\n\t\t\t\t\t\t\t<div class=\"post_thumb\" data-image=\"https:\/\/deluxerentacarantalya.com\/wp-content\/uploads\/2023\/11\/RENAULT_Clio-2023_main.jpg\" data-title=\"Renault Clio\">\n\t<a class=\"hover_icon hover_icon_link\" href=\"https:\/\/deluxerentacarantalya.com\/?cars=renault-clio\"><img class=\"wp-post-image\" width=\"370\" height=\"192\" alt=\"Renault Clio\" src=\"https:\/\/deluxerentacarantalya.com\/wp-content\/uploads\/2023\/11\/RENAULT_Clio-2023_main-370x192.jpg\"><\/a>\t<\/div>\n\t\t\t\t\t\t<\/div>\n\t\t\t\t\n\t\t\t\t<div class=\"post_content isotope_item_content\">\n\n\t\t\t\t\t\t\t\t\t\t\t<div class=\"sc_cars_item_info\">\n\t\t\t\t\t\t\t<div class=\"main_info\">\n\t\t\t\t\t\t\t\t<h4 class=\"car_title\"><a href=\"https:\/\/deluxerentacarantalya.com\/?cars=renault-clio\">Renault Clio<\/a><\/h4>\t\t\t\t\t\t\t\t\t\t\t\t\t\t\t\t<h6 class=\"car_classification\">Hatchback<\/h6>\n\t\t\t\t\t\t\t\t\t\t\t\t\t\t\t<\/div>\n\t\t\t\t\t\t\t\t\t\t\t\t\t\t<div class=\"car_price icon-tag-1\"><span>1750\u20ba \/ G\u00fcn<\/span><\/div>\n\t\t\t\t\t\t\t\t\t\t\t\t\t\t<div class=\"car_meta\"><div>2024<\/div><div>Otomatik<\/div><div>Klima<\/div><\/div>\t\t\t\t\t\t<\/div>\n\t\t\t\t\t\t\n\t\t\t\t<\/div>\t\t\t\t<!-- \/.post_content -->\n\t\t\t<\/div>\t<!-- \/.post_item -->\n\t\t<\/div>\t\t\t\t\t\t<!-- \/.isotope_item -->\n\t\t\t\t<div class=\"isotope_item isotope_item_caristp isotope_item_caristp_3 isotope_column_3\t\t\t\t\t flt_25\">\n\t\t\t<div class=\"post_item post_item_caristp post_item_caristp_3\t\t\t\t  post_format_standard odd\">\n\t\t\t\t\n\t\t\t\t\t\t\t\t\t<div class=\"post_featured\">\n\t\t\t\t\t\t\t<div class=\"post_thumb\" data-image=\"https:\/\/deluxerentacarantalya.com\/wp-content\/uploads\/2016\/09\/post_1659521355_8831874087621.webp\" data-title=\"Renault Taliant\">\n\t<a class=\"hover_icon hover_icon_link\" href=\"https:\/\/deluxerentacarantalya.com\/?cars=taliant\"><img class=\"wp-post-image\" width=\"370\" height=\"192\" alt=\"Renault Taliant\" src=\"https:\/\/deluxerentacarantalya.com\/wp-content\/uploads\/2016\/09\/post_1659521355_8831874087621-370x192.webp\"><\/a>\t<\/div>\n\t\t\t\t\t\t<\/div>\n\t\t\t\t\n\t\t\t\t<div class=\"post_content isotope_item_content\">\n\n\t\t\t\t\t\t\t\t\t\t\t<div class=\"sc_cars_item_info\">\n\t\t\t\t\t\t\t<div class=\"main_info\">\n\t\t\t\t\t\t\t\t<h4 class=\"car_title\"><a href=\"https:\/\/deluxerentacarantalya.com\/?cars=taliant\">Renault Taliant<\/a><\/h4>\t\t\t\t\t\t\t\t\t\t\t\t\t\t\t\t<h6 class=\"car_classification\">Sedan<\/h6>\n\t\t\t\t\t\t\t\t\t\t\t\t\t\t\t<\/div>\n\t\t\t\t\t\t\t\t\t\t\t\t\t\t<div class=\"car_price icon-tag-1\"><span>1600\u20ba \/ G\u00fcn<\/span><\/div>\n\t\t\t\t\t\t\t\t\t\t\t\t\t\t<div class=\"car_meta\"><div>2024<\/div><div>Otomatik<\/div><div>Klima<\/div><\/div>\t\t\t\t\t\t<\/div>\n\t\t\t\t\t\t\n\t\t\t\t<\/div>\t\t\t\t<!-- \/.post_content -->\n\t\t\t<\/div>\t<!-- \/.post_item -->\n\t\t<\/div>\t\t\t\t\t\t<!-- \/.isotope_item -->\n\t\t\t\t<div class=\"isotope_item isotope_item_caristp isotope_item_caristp_3 isotope_column_3\t\t\t\t\t flt_29\">\n\t\t\t<div class=\"post_item post_item_caristp post_item_caristp_3\t\t\t\t  post_format_standard even\">\n\t\t\t\t\n\t\t\t\t\t\t\t\t\t<div class=\"post_featured\">\n\t\t\t\t\t\t\t<div class=\"post_thumb\" data-image=\"https:\/\/deluxerentacarantalya.com\/wp-content\/uploads\/2025\/03\/opel-combo-65e89a64e2f95.jpg\" data-title=\"Opel Combo\">\n\t<a class=\"hover_icon hover_icon_link\" href=\"https:\/\/deluxerentacarantalya.com\/?cars=opel-combo\"><img class=\"wp-post-image\" width=\"370\" height=\"192\" alt=\"Opel Combo\" src=\"https:\/\/deluxerentacarantalya.com\/wp-content\/uploads\/2025\/03\/opel-combo-65e89a64e2f95-370x192.jpg\"><\/a>\t<\/div>\n\t\t\t\t\t\t<\/div>\n\t\t\t\t\n\t\t\t\t<div class=\"post_content isotope_item_content\">\n\n\t\t\t\t\t\t\t\t\t\t\t<div class=\"sc_cars_item_info\">\n\t\t\t\t\t\t\t<div class=\"main_info\">\n\t\t\t\t\t\t\t\t<h4 class=\"car_title\"><a href=\"https:\/\/deluxerentacarantalya.com\/?cars=opel-combo\">Opel Combo<\/a><\/h4>\t\t\t\t\t\t\t\t\t\t\t\t\t\t\t\t<h6 class=\"car_classification\">Van<\/h6>\n\t\t\t\t\t\t\t\t\t\t\t\t\t\t\t<\/div>\n\t\t\t\t\t\t\t\t\t\t\t\t\t\t<div class=\"car_price icon-tag-1\"><span>1750\u20ba \/ G\u00fcn<\/span><\/div>\n\t\t\t\t\t\t\t\t\t\t\t\t\t\t<div class=\"car_meta\"><div>2025<\/div><div>Manuel<\/div><div>Klima<\/div><\/div>\t\t\t\t\t\t<\/div>\n\t\t\t\t\t\t\n\t\t\t\t<\/div>\t\t\t\t<!-- \/.post_content -->\n\t\t\t<\/div>\t<!-- \/.post_item -->\n\t\t<\/div>\t\t\t\t\t\t<!-- \/.isotope_item -->\n\t\t\t\t<div class=\"isotope_item isotope_item_caristp isotope_item_caristp_3 isotope_column_3\t\t\t\t\t flt_25\">\n\t\t\t<div class=\"post_item post_item_caristp post_item_caristp_3\t\t\t\t  post_format_standard odd\">\n\t\t\t\t\n\t\t\t\t\t\t\t\t\t<div class=\"post_featured\">\n\t\t\t\t\t\t\t<div class=\"post_thumb\" data-image=\"https:\/\/deluxerentacarantalya.com\/wp-content\/uploads\/2024\/08\/citroen_c-elysse-e1724135066708.png\" data-title=\"Citro\u00ebn C-Elys\u00e9e\">\n\t<a class=\"hover_icon hover_icon_link\" href=\"https:\/\/deluxerentacarantalya.com\/?cars=citroen-c-elysee\"><img class=\"wp-post-image\" width=\"370\" height=\"192\" alt=\"Citro\u00ebn C-Elys\u00e9e\" src=\"https:\/\/deluxerentacarantalya.com\/wp-content\/uploads\/2024\/08\/citroen_c-elysse-e1724135066708-370x192.png\"><\/a>\t<\/div>\n\t\t\t\t\t\t<\/div>\n\t\t\t\t\n\t\t\t\t<div class=\"post_content isotope_item_content\">\n\n\t\t\t\t\t\t\t\t\t\t\t<div class=\"sc_cars_item_info\">\n\t\t\t\t\t\t\t<div class=\"main_info\">\n\t\t\t\t\t\t\t\t<h4 class=\"car_title\"><a href=\"https:\/\/deluxerentacarantalya.com\/?cars=citroen-c-elysee\">Citro\u00ebn C-Elys\u00e9e<\/a><\/h4>\t\t\t\t\t\t\t\t\t\t\t\t\t\t\t\t<h6 class=\"car_classification\">Sedan<\/h6>\n\t\t\t\t\t\t\t\t\t\t\t\t\t\t\t<\/div>\n\t\t\t\t\t\t\t\t\t\t\t\t\t\t<div class=\"car_price icon-tag-1\"><span>1500\u20ba \/ G\u00fcn<\/span><\/div>\n\t\t\t\t\t\t\t\t\t\t\t\t\t\t<div class=\"car_meta\"><div>2023<\/div><div>Manuel<\/div><div>Klima<\/div><\/div>\t\t\t\t\t\t<\/div>\n\t\t\t\t\t\t\n\t\t\t\t<\/div>\t\t\t\t<!-- \/.post_content -->\n\t\t\t<\/div>\t<!-- \/.post_item -->\n\t\t<\/div>\t\t\t\t\t\t<!-- \/.isotope_item -->\n\t\t\t\t<div class=\"isotope_item isotope_item_caristp isotope_item_caristp_3 isotope_column_3\t\t\t\t\t flt_25\">\n\t\t\t<div class=\"post_item post_item_caristp post_item_caristp_3\t\t\t\t  post_format_standard even\">\n\t\t\t\t\n\t\t\t\t\t\t\t\t\t<div class=\"post_featured\">\n\t\t\t\t\t\t\t<div class=\"post_thumb\" data-image=\"https:\/\/deluxerentacarantalya.com\/wp-content\/uploads\/2023\/08\/15361601.jpg\" data-title=\"F\u0131at Egea\">\n\t<a class=\"hover_icon hover_icon_link\" href=\"https:\/\/deluxerentacarantalya.com\/?cars=fiat-egea\"><img class=\"wp-post-image\" width=\"370\" height=\"192\" alt=\"F\u0131at Egea\" src=\"https:\/\/deluxerentacarantalya.com\/wp-content\/uploads\/2023\/08\/15361601-370x192.jpg\"><\/a>\t<\/div>\n\t\t\t\t\t\t<\/div>\n\t\t\t\t\n\t\t\t\t<div class=\"post_content isotope_item_content\">\n\n\t\t\t\t\t\t\t\t\t\t\t<div class=\"sc_cars_item_info\">\n\t\t\t\t\t\t\t<div class=\"main_info\">\n\t\t\t\t\t\t\t\t<h4 class=\"car_title\"><a href=\"https:\/\/deluxerentacarantalya.com\/?cars=fiat-egea\">F\u0131at Egea<\/a><\/h4>\t\t\t\t\t\t\t\t\t\t\t\t\t\t\t\t<h6 class=\"car_classification\">Sedan<\/h6>\n\t\t\t\t\t\t\t\t\t\t\t\t\t\t\t<\/div>\n\t\t\t\t\t\t\t\t\t\t\t\t\t\t<div class=\"car_price icon-tag-1\"><span>1500\u20ba \/ G\u00fcn<\/span><\/div>\n\t\t\t\t\t\t\t\t\t\t\t\t\t\t<div class=\"car_meta\"><div>2024<\/div><div>Manuel<\/div><div>Klima<\/div><\/div>\t\t\t\t\t\t<\/div>\n\t\t\t\t\t\t\n\t\t\t\t<\/div>\t\t\t\t<!-- \/.post_content -->\n\t\t\t<\/div>\t<!-- \/.post_item -->\n\t\t<\/div>\t\t\t\t\t\t<!-- \/.isotope_item -->\n\t\t\t\t<div class=\"isotope_item isotope_item_caristp isotope_item_caristp_3 isotope_column_3\t\t\t\t\t flt_25\">\n\t\t\t<div class=\"post_item post_item_caristp post_item_caristp_3\t\t\t\t  post_format_standard odd\">\n\t\t\t\t\n\t\t\t\t\t\t\t\t\t<div class=\"post_featured\">\n\t\t\t\t\t\t\t<div class=\"post_thumb\" data-image=\"https:\/\/deluxerentacarantalya.com\/wp-content\/uploads\/2016\/09\/peugeot-301-2-736x414-1.jpg\" data-title=\"Peugeot 301\">\n\t<a class=\"hover_icon hover_icon_link\" href=\"https:\/\/deluxerentacarantalya.com\/?cars=301\"><img class=\"wp-post-image\" width=\"370\" height=\"192\" alt=\"Peugeot 301\" src=\"https:\/\/deluxerentacarantalya.com\/wp-content\/uploads\/2016\/09\/peugeot-301-2-736x414-1-370x192.jpg\"><\/a>\t<\/div>\n\t\t\t\t\t\t<\/div>\n\t\t\t\t\n\t\t\t\t<div class=\"post_content isotope_item_content\">\n\n\t\t\t\t\t\t\t\t\t\t\t<div class=\"sc_cars_item_info\">\n\t\t\t\t\t\t\t<div class=\"main_info\">\n\t\t\t\t\t\t\t\t<h4 class=\"car_title\"><a href=\"https:\/\/deluxerentacarantalya.com\/?cars=301\">Peugeot 301<\/a><\/h4>\t\t\t\t\t\t\t\t\t\t\t\t\t\t\t\t<h6 class=\"car_classification\">Sedan<\/h6>\n\t\t\t\t\t\t\t\t\t\t\t\t\t\t\t<\/div>\n\t\t\t\t\t\t\t\t\t\t\t\t\t\t<div class=\"car_price icon-tag-1\"><span>1400\u20ba \/ G\u00fcn<\/span><\/div>\n\t\t\t\t\t\t\t\t\t\t\t\t\t\t<div class=\"car_meta\"><div>2019<\/div><div>Manuel<\/div><div>Klima<\/div><\/div>\t\t\t\t\t\t<\/div>\n\t\t\t\t\t\t\n\t\t\t\t<\/div>\t\t\t\t<!-- \/.post_content -->\n\t\t\t<\/div>\t<!-- \/.post_item -->\n\t\t<\/div>\t\t\t\t\t\t<!-- \/.isotope_item -->\n\t\t<\/div><script type=\"text\/javascript\">jQuery(document).ready(function () {jQuery(\"#sc_blogger_1875716105 .isotope_filters\").append(\"<a href=\\\"#\\\" data-filter=\\\"*\\\" class=\\\"theme_button active all\\\">All<\/a><a href=\\\"#\\\" data-filter=\\\".flt_28\\\" class=\\\"theme_button icon-suv\\\"><div class=\\\"label\\\">SUV <span>(4)<\/span><\/div><\/a><a href=\\\"#\\\" data-filter=\\\".flt_25\\\" class=\\\"theme_button icon-sedan\\\"><div class=\\\"label\\\">Sedan <span>(6)<\/span><\/div><\/a><a href=\\\"#\\\" data-filter=\\\".flt_29\\\" class=\\\"theme_button icon-mpv\\\"><div class=\\\"label\\\">MPV <span>(1)<\/span><\/div><\/a><a href=\\\"#\\\" data-filter=\\\".flt_26\\\" class=\\\"theme_button icon-hatchback\\\"><div class=\\\"label\\\">Hatchback <span>(2)<\/span><\/div><\/a>\");jQuery(\"#sc_blogger_1875716105 .isotope_filters>a\").each(function(){var filterClass = jQuery(this).data(\"filter\");var findCar = jQuery(\"#sc_blogger_1875716105 .isotope_wrap\").find(\"div\" + filterClass).length;if (findCar == 0) jQuery(this).css(\"display\", \"none\");\n\t                    jQuery(this).find(\".label>span\").text(\"(\" + findCar + \")\");\n\t                });});<\/script><\/div>[\/vc_column][\/vc_row]<\/p>\n<\/section>","protected":false},"excerpt":{"rendered":"<p>[vc_row][vc_column][\/vc_column][\/vc_row]<\/p>\n","protected":false},"author":1,"featured_media":0,"parent":0,"menu_order":0,"comment_status":"closed","ping_status":"closed","template":"","meta":[],"_links":{"self":[{"href":"https:\/\/deluxerentacarantalya.com\/index.php?rest_route=\/wp\/v2\/pages\/425"}],"collection":[{"href":"https:\/\/deluxerentacarantalya.com\/index.php?rest_route=\/wp\/v2\/pages"}],"about":[{"href":"https:\/\/deluxerentacarantalya.com\/index.php?rest_route=\/wp\/v2\/types\/page"}],"author":[{"embeddable":true,"href":"https:\/\/deluxerentacarantalya.com\/index.php?rest_route=\/wp\/v2\/users\/1"}],"replies":[{"embeddable":true,"href":"https:\/\/deluxerentacarantalya.com\/index.php?rest_route=%2Fwp%2Fv2%2Fcomments&post=425"}],"version-history":[{"count":2,"href":"https:\/\/deluxerentacarantalya.com\/index.php?rest_route=\/wp\/v2\/pages\/425\/revisions"}],"predecessor-version":[{"id":1124,"href":"https:\/\/deluxerentacarantalya.com\/index.php?rest_route=\/wp\/v2\/pages\/425\/revisions\/1124"}],"wp:attachment":[{"href":"https:\/\/deluxerentacarantalya.com\/index.php?rest_route=%2Fwp%2Fv2%2Fmedia&parent=425"}],"curies":[{"name":"wp","href":"https:\/\/api.w.org\/{rel}","templated":true}]}}