{"id":195,"date":"2016-08-30T15:36:50","date_gmt":"2016-08-30T12:36:50","guid":{"rendered":"https:\/\/deluxerentacarantalya.com\/?page_id=195"},"modified":"2023-08-17T17:25:12","modified_gmt":"2023-08-17T14:25:12","slug":"hakkimizda","status":"publish","type":"page","link":"https:\/\/deluxerentacarantalya.com\/?page_id=195","title":{"rendered":"Hakk\u0131m\u0131zda"},"content":{"rendered":"<section class=\"wpb-content-wrapper\"><p>[vc_row][vc_column]<h3 class=\"sc_title sc_title_regular\"><\/p>\n<p style=\"text-align: left;\">Hakk\u0131m\u0131zda<\/p>\n<p><\/h3>[vc_empty_space height=&#8221;0.8em&#8221;]<h4 class=\"sc_title sc_title_regular\">Deluxe Rent a Car<\/h4>[vc_empty_space height=&#8221;0.8em&#8221;][vc_column_text]2020 y\u0131l\u0131n\u0131n Nisan ay\u0131nda toplam 10 araba ile t\u00fcm d\u00fcnyadaki insanlar\u0131n ara\u00e7 konusundaki ihtiya\u00e7lar\u0131na yard\u0131mc\u0131 olmak i\u00e7in ba\u015flad\u0131\u011f\u0131m\u0131z bu yolda, \u015fu an hali haz\u0131rda 45 arac\u0131m\u0131z ile hizmet vermekteyiz.<\/p>\n<p><strong>Araba \u00e7e\u015fitlerimiz:<\/strong><\/p>\n<ul>\n<li>Fiat<\/li>\n<li>Volkswagen<\/li>\n<li>Peugeot<\/li>\n<li>Renault<\/li>\n<li>Honda<\/li>\n<li>Hyundai<\/li>\n<li>Mercedes<\/li>\n<\/ul>\n<p>Bizim genel amac\u0131m\u0131z; m\u00fc\u015fterilerimize g\u00fcler y\u00fczl\u00fc davranarak yard\u0131mc\u0131 olmakt\u0131r. Paran\u0131n de\u011feri tart\u0131\u015f\u0131lmaz fakat insanlarla g\u00fczel diyalog kurmak bizim i\u00e7in olduk\u00e7a \u00f6nemlidir.<\/p>\n<p><strong>Hedeflerimiz:<\/strong><\/p>\n<ul>\n<li>M\u00fc\u015fteri memnuniyeti,<\/li>\n<li>Sorumluluk bilinci,<\/li>\n<li>H\u0131zl\u0131 ve etkili davranmak,<\/li>\n<li>M\u00fc\u015fterilerimizin ya\u015fad\u0131\u011f\u0131 olumsuzluklara \u00e7\u00f6z\u00fcmler \u00fcretmek.<\/li>\n<\/ul>\n<p>[\/vc_column_text][vc_empty_space height=&#8221;0.65em&#8221;][vc_column_text]<div style=\"width: 848px;\" class=\"wp-video\"><!--[if lt IE 9]><script>document.createElement('video');<\/script><![endif]-->\n<video class=\"wp-video-shortcode\" id=\"video-195-1\" width=\"848\" height=\"480\" preload=\"metadata\" controls=\"controls\"><source type=\"video\/mp4\" src=\"https:\/\/deluxerentacarantalya.com\/wp-content\/uploads\/2023\/08\/VID-20230814-WA0009.mp4?_=1\" \/><a href=\"https:\/\/deluxerentacarantalya.com\/wp-content\/uploads\/2023\/08\/VID-20230814-WA0009.mp4\">https:\/\/deluxerentacarantalya.com\/wp-content\/uploads\/2023\/08\/VID-20230814-WA0009.mp4<\/a><\/video><\/div>[\/vc_column_text][vc_empty_space height=&#8221;0.65em&#8221;][\/vc_column][\/vc_row][vc_row][vc_column][\/vc_column][\/vc_row]<\/p>\n<\/section>","protected":false},"excerpt":{"rendered":"<p>[vc_row][vc_column][vc_empty_space height=&#8221;0.8em&#8221;][vc_empty_space height=&#8221;0.8em&#8221;][vc_column_text]2020 y\u0131l\u0131n\u0131n Nisan ay\u0131nda toplam 10 araba ile t\u00fcm d\u00fcnyadaki insanlar\u0131n ara\u00e7 konusundaki ihtiya\u00e7lar\u0131na yard\u0131mc\u0131 olmak i\u00e7in ba\u015flad\u0131\u011f\u0131m\u0131z bu yolda, \u015fu an hali haz\u0131rda 45 arac\u0131m\u0131z ile hizmet vermekteyiz. Araba \u00e7e\u015fitlerimiz: Fiat Volkswagen Peugeot Renault Honda Hyundai Mercedes Bizim genel amac\u0131m\u0131z; m\u00fc\u015fterilerimize g\u00fcler y\u00fczl\u00fc davranarak yard\u0131mc\u0131 olmakt\u0131r. Paran\u0131n de\u011feri tart\u0131\u015f\u0131lmaz fakat insanlarla g\u00fczel [&hellip;]<\/p>\n","protected":false},"author":1,"featured_media":0,"parent":0,"menu_order":0,"comment_status":"closed","ping_status":"closed","template":"","meta":[],"_links":{"self":[{"href":"https:\/\/deluxerentacarantalya.com\/index.php?rest_route=\/wp\/v2\/pages\/195"}],"collection":[{"href":"https:\/\/deluxerentacarantalya.com\/index.php?rest_route=\/wp\/v2\/pages"}],"about":[{"href":"https:\/\/deluxerentacarantalya.com\/index.php?rest_route=\/wp\/v2\/types\/page"}],"author":[{"embeddable":true,"href":"https:\/\/deluxerentacarantalya.com\/index.php?rest_route=\/wp\/v2\/users\/1"}],"replies":[{"embeddable":true,"href":"https:\/\/deluxerentacarantalya.com\/index.php?rest_route=%2Fwp%2Fv2%2Fcomments&post=195"}],"version-history":[{"count":15,"href":"https:\/\/deluxerentacarantalya.com\/index.php?rest_route=\/wp\/v2\/pages\/195\/revisions"}],"predecessor-version":[{"id":1292,"href":"https:\/\/deluxerentacarantalya.com\/index.php?rest_route=\/wp\/v2\/pages\/195\/revisions\/1292"}],"wp:attachment":[{"href":"https:\/\/deluxerentacarantalya.com\/index.php?rest_route=%2Fwp%2Fv2%2Fmedia&parent=195"}],"curies":[{"name":"wp","href":"https:\/\/api.w.org\/{rel}","templated":true}]}}