{"id":158,"date":"2016-08-30T10:13:18","date_gmt":"2016-08-30T07:13:18","guid":{"rendered":"https:\/\/deluxerentacarantalya.com\/?page_id=158"},"modified":"2024-04-19T22:08:45","modified_gmt":"2024-04-19T19:08:45","slug":"iletisim","status":"publish","type":"page","link":"https:\/\/deluxerentacarantalya.com\/?page_id=158","title":{"rendered":"\u0130leti\u015fim"},"content":{"rendered":"<section class=\"wpb-content-wrapper\"><p>[vc_row full_width=&#8221;stretch_row_content_no_spaces&#8221; css=&#8221;.vc_custom_1472739625526{background-color: #f2f2f2 !important;}&#8221;][vc_column width=&#8221;1\/2&#8243;]<div class=\"columns_wrap sc_columns columns_fluid sc_columns_count_6\"><div class=\"column-2_6 sc_column_item sc_column_item_1 odd first span_2\"><\/div><div class=\"column-3_6 sc_column_item sc_column_item_3 odd span_3 after_span_2\"><div class=\"sc_section margin_top_null margin_right_null margin_bottom_null margin_left_null\"><div class=\"sc_section_inner\"><div class=\"sc_section_content_wrap\">[vc_empty_space height=&#8221;3.6em&#8221;]<h2 class=\"sc_title sc_title_regular margin_top_large margin_bottom_null\">\u0130leti\u015fim Bilgilerimiz<\/h2>[vc_empty_space height=&#8221;2.7em&#8221;][vc_raw_html]JTNDaDUlM0UlM0NhJTIwaHJlZiUzRCUyMnRlbCUzQSUyQjkwJTIwNTQ0JTIwNzc3JTIwMTclMjA3NiUyMiUzRSUyQjkwJTIwNTQ0JTIwNzc3JTIwMTclMjA3NiUzQyUyRmElM0UlM0MlMkZoNSUzRQ==[\/vc_raw_html][vc_empty_space height=&#8221;1.2em&#8221;]<\/div><\/div><\/div>[vc_raw_html]JTNDaDUlM0UlM0NhJTIwaHJlZiUzRCUyMm1haWx0byUzQWRlbHV4ZXJlbnRhY2FyYW50YWx5YSU0MGdtYWlsLmNvbSUyMiUzRWRlbHV4ZXJlbnRhY2FyYW50YWx5YSU0MGdtYWlsLmNvbSUzQyUyRmElM0UlM0MlMkZoNSUzRQ==[\/vc_raw_html]<div class=\"sc_section margin_top_null margin_right_null margin_bottom_null margin_left_null\"><div class=\"sc_section_inner\"><div class=\"sc_section_content_wrap\">[vc_empty_space height=&#8221;3.6em&#8221;]<h2 class=\"sc_title sc_title_regular margin_top_large margin_bottom_null\">Bize Mail Arac\u0131l\u0131\u011f\u0131yla Ula\u015f\u0131n!<\/h2>[vc_empty_space height=&#8221;2.7em&#8221;][vc_column_text]\n<div class=\"wpcf7 no-js\" id=\"wpcf7-f1000-o1\" lang=\"en-US\" dir=\"ltr\">\n<div class=\"screen-reader-response\"><p role=\"status\" aria-live=\"polite\" aria-atomic=\"true\"><\/p> <ul><\/ul><\/div>\n<form action=\"\/index.php?rest_route=%2Fwp%2Fv2%2Fpages%2F158#wpcf7-f1000-o1\" method=\"post\" class=\"wpcf7-form init\" aria-label=\"Contact form\" novalidate=\"novalidate\" data-status=\"init\">\n<div style=\"display: none;\">\n<input type=\"hidden\" name=\"_wpcf7\" value=\"1000\" \/>\n<input type=\"hidden\" name=\"_wpcf7_version\" value=\"5.7.7\" \/>\n<input type=\"hidden\" name=\"_wpcf7_locale\" value=\"en_US\" \/>\n<input type=\"hidden\" name=\"_wpcf7_unit_tag\" value=\"wpcf7-f1000-o1\" \/>\n<input type=\"hidden\" name=\"_wpcf7_container_post\" value=\"0\" \/>\n<input type=\"hidden\" name=\"_wpcf7_posted_data_hash\" value=\"\" \/>\n<\/div>\n<div class=\"columns_wrap\">\n<div class=\"column-1_2\"><span class=\"wpcf7-form-control-wrap\" data-name=\"your-name\"><input size=\"40\" class=\"wpcf7-form-control wpcf7-text wpcf7-validates-as-required\" aria-required=\"true\" aria-invalid=\"false\" placeholder=\"\u0130sim\" value=\"\" type=\"text\" name=\"your-name\" \/><\/span><\/div><div class=\"column-1_2\"><span class=\"wpcf7-form-control-wrap\" data-name=\"your-email\"><input size=\"40\" class=\"wpcf7-form-control wpcf7-text wpcf7-email wpcf7-validates-as-required wpcf7-validates-as-email\" aria-required=\"true\" aria-invalid=\"false\" placeholder=\"E-mail\" value=\"\" type=\"email\" name=\"your-email\" \/><\/span><\/div>\n<\/div>\n<div class=\"columns_wrap\">\n<div class=\"column-1_1\"><span class=\"wpcf7-form-control-wrap\" data-name=\"your-message\"><textarea cols=\"40\" rows=\"10\" class=\"wpcf7-form-control wpcf7-textarea wpcf7-validates-as-required\" aria-required=\"true\" aria-invalid=\"false\" placeholder=\"Mesaj\" name=\"your-message\"><\/textarea><\/span><\/div>\n<\/div>\n<div class=\"columns_wrap sc_align_right\">\n<div class=\"column-1_1\">\n<input class=\"wpcf7-form-control has-spinner wpcf7-submit\" type=\"submit\" value=\"Kaydet\" \/><\/div>\n<\/div><div class=\"wpcf7-response-output\" aria-hidden=\"true\"><\/div>\n<\/form>\n<\/div>\n[\/vc_column_text][vc_empty_space height=&#8221;1.2em&#8221;]<\/div><\/div><\/div><\/div><div class=\"column-1_6 sc_column_item sc_column_item_6 even after_span_3\"><\/div><\/div>[\/vc_column][vc_column width=&#8221;1\/2&#8243;][vc_gmaps link=&#8221;#E-8_JTNDaWZyYW1lJTIwc3JjJTNEJTIyaHR0cHMlM0ElMkYlMkZ3d3cuZ29vZ2xlLmNvbSUyRm1hcHMlMkZlbWJlZCUzRnBiJTNEJTIxMW0xOCUyMTFtMTIlMjExbTMlMjExZDE4OTcuNzI1NjM1ODc0NjAyJTIxMmQzMC42NDM3MTk2MzIwMjkyOSUyMTNkMzYuODc2NDM4MDU4MTI0MDElMjEybTMlMjExZjAlMjEyZjAlMjEzZjAlMjEzbTIlMjExaTEwMjQlMjEyaTc2OCUyMTRmMTMuMSUyMTNtMyUyMTFtMiUyMTFzMHgxNGMzOTE3MWQ1NGI4YmE1JTI1M0EweDhjOTZkMmRkZGM1NmQxNyUyMTJzREVMVVhFJTI1MjBSRU5UJTI1MjBBJTI1MjBDQVIlMjE1ZTAlMjEzbTIlMjExc3RyJTIxMnN0ciUyMTR2MTY4OTg0NjQwNTI1MSUyMTVtMiUyMTFzdHIlMjEyc3RyJTIyJTIwd2lkdGglM0QlMjI4MDAlMjIlMjBoZWlnaHQlM0QlMjI2MDAlMjIlMjBzdHlsZSUzRCUyMmJvcmRlciUzQTAlM0IlMjIlMjBhbGxvd2Z1bGxzY3JlZW4lM0QlMjIlMjIlMjBsb2FkaW5nJTNEJTIybGF6eSUyMiUyMHJlZmVycmVycG9saWN5JTNEJTIybm8tcmVmZXJyZXItd2hlbi1kb3duZ3JhZGUlMjIlM0UlM0MlMkZpZnJhbWUlM0U=&#8221;][\/vc_column][\/vc_row]<\/p>\n<\/section>","protected":false},"excerpt":{"rendered":"<p>[vc_row full_width=&#8221;stretch_row_content_no_spaces&#8221; css=&#8221;.vc_custom_1472739625526{background-color: #f2f2f2 !important;}&#8221;][vc_column width=&#8221;1\/2&#8243;][\/vc_column][vc_column width=&#8221;1\/2&#8243;][vc_gmaps link=&#8221;#E-8_JTNDaWZyYW1lJTIwc3JjJTNEJTIyaHR0cHMlM0ElMkYlMkZ3d3cuZ29vZ2xlLmNvbSUyRm1hcHMlMkZlbWJlZCUzRnBiJTNEJTIxMW0xOCUyMTFtMTIlMjExbTMlMjExZDE4OTcuNzI1NjM1ODc0NjAyJTIxMmQzMC42NDM3MTk2MzIwMjkyOSUyMTNkMzYuODc2NDM4MDU4MTI0MDElMjEybTMlMjExZjAlMjEyZjAlMjEzZjAlMjEzbTIlMjExaTEwMjQlMjEyaTc2OCUyMTRmMTMuMSUyMTNtMyUyMTFtMiUyMTFzMHgxNGMzOTE3MWQ1NGI4YmE1JTI1M0EweDhjOTZkMmRkZGM1NmQxNyUyMTJzREVMVVhFJTI1MjBSRU5UJTI1MjBBJTI1MjBDQVIlMjE1ZTAlMjEzbTIlMjExc3RyJTIxMnN0ciUyMTR2MTY4OTg0NjQwNTI1MSUyMTVtMiUyMTFzdHIlMjEyc3RyJTIyJTIwd2lkdGglM0QlMjI4MDAlMjIlMjBoZWlnaHQlM0QlMjI2MDAlMjIlMjBzdHlsZSUzRCUyMmJvcmRlciUzQTAlM0IlMjIlMjBhbGxvd2Z1bGxzY3JlZW4lM0QlMjIlMjIlMjBsb2FkaW5nJTNEJTIybGF6eSUyMiUyMHJlZmVycmVycG9saWN5JTNEJTIybm8tcmVmZXJyZXItd2hlbi1kb3duZ3JhZGUlMjIlM0UlM0MlMkZpZnJhbWUlM0U=&#8221;][\/vc_column][\/vc_row]<\/p>\n","protected":false},"author":1,"featured_media":0,"parent":0,"menu_order":0,"comment_status":"closed","ping_status":"closed","template":"","meta":[],"_links":{"self":[{"href":"https:\/\/deluxerentacarantalya.com\/index.php?rest_route=\/wp\/v2\/pages\/158"}],"collection":[{"href":"https:\/\/deluxerentacarantalya.com\/index.php?rest_route=\/wp\/v2\/pages"}],"about":[{"href":"https:\/\/deluxerentacarantalya.com\/index.php?rest_route=\/wp\/v2\/types\/page"}],"author":[{"embeddable":true,"href":"https:\/\/deluxerentacarantalya.com\/index.php?rest_route=\/wp\/v2\/users\/1"}],"replies":[{"embeddable":true,"href":"https:\/\/deluxerentacarantalya.com\/index.php?rest_route=%2Fwp%2Fv2%2Fcomments&post=158"}],"version-history":[{"count":12,"href":"https:\/\/deluxerentacarantalya.com\/index.php?rest_route=\/wp\/v2\/pages\/158\/revisions"}],"predecessor-version":[{"id":1311,"href":"https:\/\/deluxerentacarantalya.com\/index.php?rest_route=\/wp\/v2\/pages\/158\/revisions\/1311"}],"wp:attachment":[{"href":"https:\/\/deluxerentacarantalya.com\/index.php?rest_route=%2Fwp%2Fv2%2Fmedia&parent=158"}],"curies":[{"name":"wp","href":"https:\/\/api.w.org\/{rel}","templated":true}]}}